{"id":86,"date":"2020-08-28T14:13:56","date_gmt":"2020-08-28T14:13:56","guid":{"rendered":"http:\/\/probadi.ch\/?page_id=86"},"modified":"2026-04-27T23:11:20","modified_gmt":"2026-04-27T22:11:20","slug":"oeffnungszeiten","status":"publish","type":"page","link":"https:\/\/probadi.ch\/index.php\/oeffnungszeiten\/","title":{"rendered":"\u00d6ffnungszeiten"},"content":{"rendered":"\n<p>W\u00e4hrend der Saison ist die Badi t\u00e4glich von <strong>07:00 bis 21:00 Uhr<\/strong> ge\u00f6ffnet.<\/p>\n\n\n\n<p><strong>Beaufsichtigte Zeiten:<\/strong><\/p>\n\n\n\n<ul class=\"wp-block-list\">\n<li><strong>Montag \u2013 Donnerstag<\/strong><br>13:00 \u2013 18:00 Uhr<\/li>\n\n\n\n<li><strong>Freitag \u2013 Samstag<\/strong><br>13:00 \u2013 19:00 Uhr<\/li>\n\n\n\n<li><strong>Sonntag<\/strong><br>13:00 \u2013 18:00 Uhr<\/li>\n<\/ul>\n\n\n\n<p>Ausserhalb der beaufsichtigten Zeiten erfolgt das Baden <strong>auf eigene Verantwortung<\/strong>.<\/p>\n\n\n\n<p><\/p>\n\n\n\n<aside class=\"wp-block-group alignfull is-style-section-2 has-global-padding is-layout-constrained wp-container-core-group-is-layout-303279cb wp-block-group-is-layout-constrained is-style-section-2--1\" style=\"margin-top:var(--wp--preset--spacing--60);margin-bottom:var(--wp--preset--spacing--60);padding-top:var(--wp--preset--spacing--50);padding-right:var(--wp--preset--spacing--50);padding-bottom:var(--wp--preset--spacing--50);padding-left:var(--wp--preset--spacing--50)\">\n<div class=\"wp-block-group is-vertical is-content-justification-center is-layout-flex wp-container-core-group-is-layout-8778ca4a wp-block-group-is-layout-flex\" style=\"min-height:360px;margin-top:0;margin-bottom:0\">\n<h2 class=\"wp-block-heading has-text-align-center has-xx-large-font-size\"><strong>Badeordnung<\/strong><\/h2>\n\n\n\n<p class=\"has-text-align-center is-style-text-subtitle is-style-text-subtitle--2\">Liebe Freundinnen und Freunde der Badi Haslach<\/p>\n\n\n\n<p>Der Verein Pro Badi als Betreiber der Anlage hat die rechtlichen Rahmenbedingungen f\u00fcr einen sicheren Badebetrieb umfassend pr\u00fcfen lassen. Auf Basis dieser Analyse wurden verschiedene Massnahmen umgesetzt \u2013 unter anderem die Einz\u00e4unung der Anlage sowie die Einf\u00fchrung einer offiziellen Badeordnung.<\/p>\n\n\n\n<p>Diese orientiert sich an bestehenden Regelwerken anderer Badis und erf\u00fcllt die gesetzlichen Anforderungen sowie die Vorgaben relevanter Verb\u00e4nde wie dem Schweizer Verband Hallen- und Freib\u00e4der.<\/p>\n\n\n\n<p>Die Badeordnung wurde vom Vorstand Pro Badi sowie vom Gemeinderat Wilchingen genehmigt und ist vor Ort einsehbar.<\/p>\n\n\n\n<p class=\"has-text-align-center is-style-text-subtitle is-style-text-subtitle--3\">Bei Fragen stehen die Vorstandsmitglieder gerne pers\u00f6nlich zur Verf\u00fcgung. Vielen Dank f\u00fcr Ihr Verst\u00e4ndnis.<\/p>\n\n\n\n<div style=\"height:0px\" aria-hidden=\"true\" class=\"wp-block-spacer wp-container-content-62aae154\"><\/div>\n\n\n\n<div class=\"wp-block-buttons is-content-justification-center is-layout-flex wp-container-core-buttons-is-layout-a89b3969 wp-block-buttons-is-layout-flex\">\n<div class=\"wp-block-button\"><a class=\"wp-block-button__link has-text-align-center wp-element-button\" href=\"http:\/\/probadi.ch\/wp-content\/uploads\/2021\/05\/Badeordnung-Badi-Wilchingen.pdf\">Badeordnung ansehen<\/a><\/div>\n<\/div>\n<\/div>\n<\/aside>\n","protected":false},"excerpt":{"rendered":"<p>W\u00e4hrend der Saison ist die Badi t\u00e4glich von 07:00 bis 21:00 Uhr ge\u00f6ffnet. Beaufsichtigte Zeiten: Ausserhalb der beaufsichtigten Zeiten erfolgt das Baden auf eigene Verantwortung. Badeordnung Liebe Freundinnen und Freunde der Badi Haslach Der Verein Pro Badi als Betreiber der Anlage hat die rechtlichen Rahmenbedingungen f\u00fcr einen sicheren Badebetrieb umfassend pr\u00fcfen lassen. Auf Basis dieser [&hellip;]<\/p>\n","protected":false},"author":1,"featured_media":167,"parent":0,"menu_order":0,"comment_status":"closed","ping_status":"closed","template":"","meta":{"footnotes":""},"class_list":["post-86","page","type-page","status-publish","has-post-thumbnail","hentry"],"_links":{"self":[{"href":"https:\/\/probadi.ch\/index.php\/wp-json\/wp\/v2\/pages\/86","targetHints":{"allow":["GET"]}}],"collection":[{"href":"https:\/\/probadi.ch\/index.php\/wp-json\/wp\/v2\/pages"}],"about":[{"href":"https:\/\/probadi.ch\/index.php\/wp-json\/wp\/v2\/types\/page"}],"author":[{"embeddable":true,"href":"https:\/\/probadi.ch\/index.php\/wp-json\/wp\/v2\/users\/1"}],"replies":[{"embeddable":true,"href":"https:\/\/probadi.ch\/index.php\/wp-json\/wp\/v2\/comments?post=86"}],"version-history":[{"count":4,"href":"https:\/\/probadi.ch\/index.php\/wp-json\/wp\/v2\/pages\/86\/revisions"}],"predecessor-version":[{"id":3116,"href":"https:\/\/probadi.ch\/index.php\/wp-json\/wp\/v2\/pages\/86\/revisions\/3116"}],"wp:featuredmedia":[{"embeddable":true,"href":"https:\/\/probadi.ch\/index.php\/wp-json\/wp\/v2\/media\/167"}],"wp:attachment":[{"href":"https:\/\/probadi.ch\/index.php\/wp-json\/wp\/v2\/media?parent=86"}],"curies":[{"name":"wp","href":"https:\/\/api.w.org\/{rel}","templated":true}]}}